{"id":10,"date":"2014-09-24T15:19:38","date_gmt":"2014-09-24T13:19:38","guid":{"rendered":"http:\/\/gastrotaxi.ch\/wordpress\/?page_id=10"},"modified":"2016-03-10T15:10:55","modified_gmt":"2016-03-10T13:10:55","slug":"preise","status":"publish","type":"page","link":"https:\/\/gastrotaxi.ch\/?page_id=10","title":{"rendered":"Preise"},"content":{"rendered":"<p>Nahtarife mit Start oder Zielort Frauenfeld<\/p>\n<p>[A] = von oder zu einem angeschlossenen Betrieb<br \/>\n[B] = Priva oder von einem nicht angeschlossenen Betrieb<\/p>\n\n<table id=\"tablepress-1\" class=\"tablepress tablepress-id-1\">\n<thead>\n<tr class=\"row-1 odd\">\n\t<th class=\"column-1\">Nahtarife mit Start oder Zielort Frauenfeld<\/th><th class=\"column-2\">[A] Minimum<\/th><th class=\"column-3\">[A] pro Person<\/th><th class=\"column-4\">[B] Minimum<\/th><th class=\"column-5\">[B] pro Person<\/th>\n<\/tr>\n<\/thead>\n<tbody class=\"row-hover\">\n<tr class=\"row-2 even\">\n\t<td class=\"column-1\">Ganze Stadt Frauenfeld<\/td><td class=\"column-2\">10.00 CHF<\/td><td class=\"column-3\"> 3.00 CHF<\/td><td class=\"column-4\">13.00 CHF<\/td><td class=\"column-5\"> 3.50 CHF<\/td>\n<\/tr>\n<tr class=\"row-3 odd\">\n\t<td class=\"column-1\">Osterhalden - Aum\u00fchle - R\u00f6merhof - L\u00fcdem<\/td><td class=\"column-2\">13.00 CHF<\/td><td class=\"column-3\"> 3.50 CHF <\/td><td class=\"column-4\">17.00 CHF<\/td><td class=\"column-5\"> 4.50 CHF<\/td>\n<\/tr>\n<tr class=\"row-4 even\">\n\t<td class=\"column-1\">Alle Anst\u00f6sser-Gemeinden<\/td><td class=\"column-2\">16.00 CHF<\/td><td class=\"column-3\"> 4.00 CHF<\/td><td class=\"column-4\">21.00 CHF<\/td><td class=\"column-5\"> 5.00 CHF<\/td>\n<\/tr>\n<tr class=\"row-5 odd\">\n\t<td class=\"column-1\">W\u00e4ngi \u2013 Aadorf \u2013 Hagenbuch \u2013 Gachnang \u2013 Gunterswilen \u2013 Ellikon \u2013 Uesslingen \u2013 H\u00fcttwilen \u2013 Herdern \u2013 Pfyn \u2013 Mettendorf \u2013 Thundorf \u2013 Stettfurt<\/td><td class=\"column-2\">21.00 CHF<\/td><td class=\"column-3\"> 5.00 CHF<\/td><td class=\"column-4\">27.00 CHF<\/td><td class=\"column-5\"> 6.50 CHF<\/td>\n<\/tr>\n<tr class=\"row-6 even\">\n\t<td class=\"column-1\">Rosental \u2013 Guntershausen \u2013 Ettenhausen - Elgg \u2013 Attikon \u2013 Neunforn \u2013 Nussbaumen \u2013 M\u00fcllheim \u2013 Eschikofen \u2013 Lustdorf \u2013 Lommis \u2013 Anetswil<\/td><td class=\"column-2\">27.00 CHF<\/td><td class=\"column-3\"> 6.50 CHF<\/td><td class=\"column-4\">35.00 CHF<\/td><td class=\"column-5\"> 8.50 CHF<\/td>\n<\/tr>\n<tr class=\"row-7 odd\">\n\t<td class=\"column-1\">M\u00fcnchwilen \u2013 Eschlikon \u2013 Balterswil \u2013 Wiesendangen \u2013 Thalheim \u2013 Stammheim \u2013 Homburg \u2013 Lipperswil \u2013 M\u00e4rstetten \u2013 Affeltrangen \u2013 Lanzenneunforn<\/td><td class=\"column-2\">35.00 CHF<\/td><td class=\"column-3\"> 8.00 CHF<\/td><td class=\"column-4\">45.00 CHF<\/td><td class=\"column-5\">10.50 CHF<\/td>\n<\/tr>\n<tr class=\"row-8 even\">\n\t<td class=\"column-1\">Wil \u2013 Fischingen \u2013 Winterthur \u2013 Andelfingen \u2013 Truttikon \u2013 Stein am Rhein \u2013 Steckborn \u2013 Weinfelden<\/td><td class=\"column-2\">45.00 CHF<\/td><td class=\"column-3\">10.50 CHF<\/td><td class=\"column-4\">58.00 CHF<\/td><td class=\"column-5\">14.00 CHF<\/td>\n<\/tr>\n<\/tbody>\n<\/table>\n<!-- #tablepress-1 from cache -->\n<p>Ferntarife\u00a0mit Start oder Zielort Frauenfeld<\/p>\n<p>[A] = von oder zu einem angeschlossenen Betrieb<br \/>\n[B] = Privat von oder einem nicht angeschlossenen Betrieb<\/p>\n\n<table id=\"tablepress-2\" class=\"tablepress tablepress-id-2\">\n<thead>\n<tr class=\"row-1 odd\">\n\t<th class=\"column-1\">Ferntariefe mit Start oder Zielort Frauenfeld<\/th><th class=\"column-2\">[A] MINIMUM<\/th><th class=\"column-3\">[A] PRO PERSON<\/th><th class=\"column-4\">[B] MINIMUM<\/th><th class=\"column-5\">[B] PRO PERSON<\/th>\n<\/tr>\n<\/thead>\n<tbody class=\"row-hover\">\n<tr class=\"row-2 even\">\n\t<td class=\"column-1\">Amriswil<\/td><td class=\"column-2\">84.00 CHF<\/td><td class=\"column-3\">21.00 CHF<\/td><td class=\"column-4\">109.00 CHF<\/td><td class=\"column-5\">27.00 CHF<\/td>\n<\/tr>\n<tr class=\"row-3 odd\">\n\t<td class=\"column-1\">Arbon<\/td><td class=\"column-2\">110.00 CHF<\/td><td class=\"column-3\">27.00 CHF<\/td><td class=\"column-4\">130.00 CHF<\/td><td class=\"column-5\">32.00 CHF<\/td>\n<\/tr>\n<tr class=\"row-4 even\">\n\t<td class=\"column-1\">Effretikon<\/td><td class=\"column-2\">75.00 CHF<\/td><td class=\"column-3\">19.00 CHF<\/td><td class=\"column-4\">97.00 CHF<\/td><td class=\"column-5\">24.00 CHF<\/td>\n<\/tr>\n<tr class=\"row-5 odd\">\n\t<td class=\"column-1\">Erlen<\/td><td class=\"column-2\">75.00 CHF<\/td><td class=\"column-3\">19.00 CHF<\/td><td class=\"column-4\">97.00 CHF<\/td><td class=\"column-5\">27.00 CHF<\/td>\n<\/tr>\n<tr class=\"row-6 even\">\n\t<td class=\"column-1\">Gossau SG<\/td><td class=\"column-2\">110.00 CHF<\/td><td class=\"column-3\">25.00 CHF<\/td><td class=\"column-4\">130.00 CHF<\/td><td class=\"column-5\">32.00 CHF<\/td>\n<\/tr>\n<tr class=\"row-7 odd\">\n\t<td class=\"column-1\">Herisau<\/td><td class=\"column-2\">110.00 CHF<\/td><td class=\"column-3\">27.00 CHF<\/td><td class=\"column-4\">130.00 CHF<\/td><td class=\"column-5\">32.00 CHF<\/td>\n<\/tr>\n<tr class=\"row-8 even\">\n\t<td class=\"column-1\">Konstanz<\/td><td class=\"column-2\">80.00 CHF<\/td><td class=\"column-3\">20.00 CHF<\/td><td class=\"column-4\">104.00 CHF<\/td><td class=\"column-5\">25.00 CHF<\/td>\n<\/tr>\n<tr class=\"row-9 odd\">\n\t<td class=\"column-1\">Kreuzlingen<\/td><td class=\"column-2\">70.00 CHF<\/td><td class=\"column-3\">17.00 CHF<\/td><td class=\"column-4\">91.00 CHF<\/td><td class=\"column-5\">22.00 CHF<\/td>\n<\/tr>\n<tr class=\"row-10 even\">\n\t<td class=\"column-1\">Romanshorn<\/td><td class=\"column-2\">100.00 CHF<\/td><td class=\"column-3\">25.00 CHF<\/td><td class=\"column-4\">130.00 CHF<\/td><td class=\"column-5\">32.00 CHF<\/td>\n<\/tr>\n<tr class=\"row-11 odd\">\n\t<td class=\"column-1\">Schaffhausen<\/td><td class=\"column-2\">86.00 CHF<\/td><td class=\"column-3\">21.00 CHF<\/td><td class=\"column-4\">112.00 CHF<\/td><td class=\"column-5\">28.00 CHF<\/td>\n<\/tr>\n<tr class=\"row-12 even\">\n\t<td class=\"column-1\">Singen<\/td><td class=\"column-2\">110.00 CHF<\/td><td class=\"column-3\">27.00 CHF<\/td><td class=\"column-4\">130.00 CHF<\/td><td class=\"column-5\">32.00 CHF<\/td>\n<\/tr>\n<tr class=\"row-13 odd\">\n\t<td class=\"column-1\">St. Gallen<\/td><td class=\"column-2\">120.00 CHF<\/td><td class=\"column-3\">30.00 CHF<\/td><td class=\"column-4\">156.00 CHF<\/td><td class=\"column-5\">39.00 CHF<\/td>\n<\/tr>\n<tr class=\"row-14 even\">\n\t<td class=\"column-1\">Sulgen<\/td><td class=\"column-2\">60.00 CHF<\/td><td class=\"column-3\">15.00 CHF<\/td><td class=\"column-4\">78.00 CHF<\/td><td class=\"column-5\">19.00 CHF<\/td>\n<\/tr>\n<tr class=\"row-15 odd\">\n\t<td class=\"column-1\">Uzwil<\/td><td class=\"column-2\">75.00 CHF<\/td><td class=\"column-3\">19.00 CHF<\/td><td class=\"column-4\">97.00 CHF<\/td><td class=\"column-5\">27.00 CHF<\/td>\n<\/tr>\n<tr class=\"row-16 even\">\n\t<td class=\"column-1\">Z\u00fcrich HB<\/td><td class=\"column-2\">100.00 CHF<\/td><td class=\"column-3\">25.00 CHF<\/td><td class=\"column-4\">130.00 CHF<\/td><td class=\"column-5\">32.00 CHF<\/td>\n<\/tr>\n<tr class=\"row-17 odd\">\n\t<td class=\"column-1\">Z\u00fcrich Airport<\/td><td class=\"column-2\">86.00 CHF<\/td><td class=\"column-3\">21.00 CHF<\/td><td class=\"column-4\">112.00 CHF<\/td><td class=\"column-5\">28.00 CHF<\/td>\n<\/tr>\n<\/tbody>\n<\/table>\n<!-- #tablepress-2 from cache -->\n","protected":false},"excerpt":{"rendered":"<p>Nahtarife mit Start oder Zielort Frauenfeld [A] = von oder zu einem angeschlossenen Betrieb [B] = Priva oder von einem nicht angeschlossenen Betrieb Ferntarife\u00a0mit Start oder Zielort Frauenfeld [A] = von oder zu einem angeschlossenen Betrieb [B] = Privat von oder einem nicht angeschlossenen Betrieb<\/p>\n","protected":false},"author":1,"featured_media":0,"parent":0,"menu_order":20,"comment_status":"closed","ping_status":"closed","template":"","meta":[],"_links":{"self":[{"href":"https:\/\/gastrotaxi.ch\/index.php?rest_route=\/wp\/v2\/pages\/10"}],"collection":[{"href":"https:\/\/gastrotaxi.ch\/index.php?rest_route=\/wp\/v2\/pages"}],"about":[{"href":"https:\/\/gastrotaxi.ch\/index.php?rest_route=\/wp\/v2\/types\/page"}],"author":[{"embeddable":true,"href":"https:\/\/gastrotaxi.ch\/index.php?rest_route=\/wp\/v2\/users\/1"}],"replies":[{"embeddable":true,"href":"https:\/\/gastrotaxi.ch\/index.php?rest_route=%2Fwp%2Fv2%2Fcomments&post=10"}],"version-history":[{"count":8,"href":"https:\/\/gastrotaxi.ch\/index.php?rest_route=\/wp\/v2\/pages\/10\/revisions"}],"predecessor-version":[{"id":116,"href":"https:\/\/gastrotaxi.ch\/index.php?rest_route=\/wp\/v2\/pages\/10\/revisions\/116"}],"wp:attachment":[{"href":"https:\/\/gastrotaxi.ch\/index.php?rest_route=%2Fwp%2Fv2%2Fmedia&parent=10"}],"curies":[{"name":"wp","href":"https:\/\/api.w.org\/{rel}","templated":true}]}}